{"id":769,"date":"2023-06-21T07:24:47","date_gmt":"2023-06-21T07:24:47","guid":{"rendered":"https:\/\/cheeseandchocolatesurf.ch\/?page_id=769"},"modified":"2024-11-08T08:57:52","modified_gmt":"2024-11-08T08:57:52","slug":"home-2","status":"publish","type":"page","link":"https:\/\/cheeseandchocolatesurf.ch\/","title":{"rendered":"HOME"},"content":{"rendered":"<div class=\"wpb-content-wrapper\"><p>[vc_row css_animation=\u00a0\u00bb\u00a0\u00bb row_type=\u00a0\u00bbrow\u00a0\u00bb use_row_as_full_screen_section=\u00a0\u00bbno\u00a0\u00bb type=\u00a0\u00bbfull_width\u00a0\u00bb angled_section=\u00a0\u00bbno\u00a0\u00bb text_align=\u00a0\u00bbleft\u00a0\u00bb background_image_as_pattern=\u00a0\u00bbwithout_pattern\u00a0\u00bb][vc_column][rev_slider_vc alias=\u00a0\u00bbHome-2025&Prime;][\/vc_column][\/vc_row][vc_row css_animation=\u00a0\u00bb\u00a0\u00bb row_type=\u00a0\u00bbrow\u00a0\u00bb use_row_as_full_screen_section=\u00a0\u00bbno\u00a0\u00bb type=\u00a0\u00bbgrid\u00a0\u00bb angled_section=\u00a0\u00bbno\u00a0\u00bb text_align=\u00a0\u00bbcenter\u00a0\u00bb background_image_as_pattern=\u00a0\u00bbwithout_pattern\u00a0\u00bb z_index=\u00a0\u00bb\u00a0\u00bb css=\u00a0\u00bb.vc_custom_1687335459387{padding-top: 18px !important;padding-bottom: 28px !important;background-color: #cdcd0d !important;}\u00a0\u00bb background_color=\u00a0\u00bb#cdcd0d\u00a0\u00bb][vc_column css=\u00a0\u00bb.vc_custom_1679345154331{background-color: #cdcd0d !important;}\u00a0\u00bb][vc_column_text css=\u00a0\u00bb\u00a0\u00bb]<\/p>\n<h2>THIS BOOK IS A WORLS FIRST<\/h2>\n<p>[\/vc_column_text][vc_empty_space height=\u00a0\u00bb28px\u00a0\u00bb][vc_column_text css=\u00a0\u00bb\u00a0\u00bb]<\/p>\n<h3>LE LIVRE QUI TE FERA DECOUVRIR LE LONGBOARD EN WAKESURF<\/h3>\n<p>[\/vc_column_text][vc_empty_space height=\u00a0\u00bb28px\u00a0\u00bb][vc_column_text css=\u00a0\u00bb\u00a0\u00bb]<\/p>\n<h4>Envie de d\u00e9couvrir le longboard wakesurf et de vivre la glisse autrement ? <em>L&rsquo;essentiel du longboard en wakesurf<\/em> vous ouvre les portes de cette discipline qui allie libert\u00e9 et \u00e9l\u00e9gance. Des conseils pratiques aux secrets de setup parfait, ce guide est une invitation \u00e0 surfer la vague sous un nouveau jour. Que vous soyez novice ou passionn\u00e9, laissez-vous embarquer dans cette aventure unique, et rejoignez une communaut\u00e9 qui partage le go\u00fbt du surf et de la libert\u00e9 !<\/h4>\n<p>&nbsp;<\/p>\n<h4>Ready to dive into the world of longboard wakesurf and experience the ride in a whole new way? <em>The Essentials of Longboard Wakesurfing<\/em> opens the door to a sport that blends freedom and style. From practical tips to the secrets of the perfect setup, this guide invites you to catch the wave differently. Whether you&rsquo;re new or already hooked, join a community that shares a passion for surfing and the spirit of freedom!<\/h4>\n<p>[\/vc_column_text][qode_elements_holder number_of_columns=\u00a0\u00bbone_column\u00a0\u00bb][qode_elements_holder_item advanced_animations=\u00a0\u00bbno\u00a0\u00bb item_padding=\u00a0\u00bb28px 18% 68px\u00a0\u00bb item_padding_768_1024=\u00a0\u00bb23px 5% 60px\u00a0\u00bb item_padding_600_768=\u00a0\u00bb23px 0% 60px\u00a0\u00bb item_padding_480_600=\u00a0\u00bb23px 0% 60px\u00a0\u00bb item_padding_480=\u00a0\u00bb23px 0% 60px\u00a0\u00bb background_color=\u00a0\u00bbrgba(0,0,0,0.01)\u00a0\u00bb]<div class=\"woocommerce columns-2 \"><ul class=\"products\">\n<li class=\"product type-product post-772 status-publish first instock product_cat-livre has-post-thumbnail shipping-taxable purchasable product-type-simple\">\n\t\n\t\t\n    <div class=\"top-product-section\">\n\n        <a itemprop=\"url\" href=\"https:\/\/cheeseandchocolatesurf.ch\/index.php\/produit\/livre-en-francais\/\" class=\"product-category\">\n            <span class=\"image-wrapper\">\n            <img fetchpriority=\"high\" decoding=\"async\" width=\"300\" height=\"300\" src=\"https:\/\/cheeseandchocolatesurf.ch\/wp-content\/uploads\/2023\/03\/CHEESECHOCOLATESURF_GUIDE-300x300.png\" class=\"attachment-woocommerce_thumbnail size-woocommerce_thumbnail\" alt=\"LIVRE EN FRAN\u00c7AIS\" srcset=\"https:\/\/cheeseandchocolatesurf.ch\/wp-content\/uploads\/2023\/03\/CHEESECHOCOLATESURF_GUIDE-300x300.png 300w, https:\/\/cheeseandchocolatesurf.ch\/wp-content\/uploads\/2023\/03\/CHEESECHOCOLATESURF_GUIDE-150x150.png 150w, https:\/\/cheeseandchocolatesurf.ch\/wp-content\/uploads\/2023\/03\/CHEESECHOCOLATESURF_GUIDE-570x570.png 570w, https:\/\/cheeseandchocolatesurf.ch\/wp-content\/uploads\/2023\/03\/CHEESECHOCOLATESURF_GUIDE-500x500.png 500w, https:\/\/cheeseandchocolatesurf.ch\/wp-content\/uploads\/2023\/03\/CHEESECHOCOLATESURF_GUIDE-100x100.png 100w, https:\/\/cheeseandchocolatesurf.ch\/wp-content\/uploads\/2023\/03\/CHEESECHOCOLATESURF_GUIDE.png 600w\" sizes=\"(max-width: 300px) 100vw, 300px\" \/>            <\/span>\n        <\/a>\n\n\t\t<span class=\"add-to-cart-button-outer\"><span class=\"add-to-cart-button-inner\"><a href=\"\/index.php\/wp-json\/wp\/v2\/pages\/769?add-to-cart=772\" aria-describedby=\"woocommerce_loop_add_to_cart_link_describedby_772\" data-quantity=\"1\" class=\"button product_type_simple add_to_cart_button ajax_add_to_cart qbutton add-to-cart-button\" data-product_id=\"772\" data-product_sku=\"\" aria-label=\"Ajouter au panier\u00a0: &ldquo;LIVRE EN FRAN\u00c7AIS&rdquo;\" rel=\"nofollow\" data-success_message=\"\u00ab\u00a0LIVRE EN FRAN\u00c7AIS\u00a0\u00bb a \u00e9t\u00e9 ajout\u00e9 \u00e0 votre panier\" role=\"button\">Ajouter au panier<\/a><\/span><\/span>\t<span id=\"woocommerce_loop_add_to_cart_link_describedby_772\" class=\"screen-reader-text\">\n\t\t\t<\/span>\n\n    <\/div>\n        <a itemprop=\"url\" href=\"https:\/\/cheeseandchocolatesurf.ch\/index.php\/produit\/livre-en-francais\/\" class=\"product-category product-info\">\n        <h6 itemprop=\"name\">LIVRE EN FRAN\u00c7AIS<\/h6>\n\t    \n\t    \n        \n\t<span class=\"price\"><span class=\"woocommerce-Price-amount amount\"><bdi><span class=\"woocommerce-Price-currencySymbol\">&#67;&#72;&#70;<\/span>&nbsp;28.00<\/bdi><\/span><\/span>\n    <\/a>\n    <div class=\"qqvfw-quick-view-button-wrapper qqvfw-position--after-add-to-cart\">\t<a role=\"button\" tabindex=\"0\" class=\"qqvfw-shortcode qqvfw-m  qqvfw-quick-view-button button qqvfw-type--icon-with-text\" data-item-id=\"772\" data-quick-view-type=\"pop-up\" data-quick-view-type-mobile=\"pop-up\" aria-label=\"Quick View\" href=\"?quick_view_button=772\" data-shortcode-atts=\"{&quot;button_type&quot;:&quot;icon-with-text&quot;}\" rel=\"noopener noreferrer\">\t\t<span class=\"qqvfw-m-spinner\">\t<svg class=\"qqvfw-svg--spinner\" xmlns=\"http:\/\/www.w3.org\/2000\/svg\" viewBox=\"0 0 512 512\"><path d=\"M304 48c0 26.51-21.49 48-48 48s-48-21.49-48-48 21.49-48 48-48 48 21.49 48 48zm-48 368c-26.51 0-48 21.49-48 48s21.49 48 48 48 48-21.49 48-48-21.49-48-48-48zm208-208c-26.51 0-48 21.49-48 48s21.49 48 48 48 48-21.49 48-48-21.49-48-48-48zM96 256c0-26.51-21.49-48-48-48S0 229.49 0 256s21.49 48 48 48 48-21.49 48-48zm12.922 99.078c-26.51 0-48 21.49-48 48s21.49 48 48 48 48-21.49 48-48c0-26.509-21.491-48-48-48zm294.156 0c-26.51 0-48 21.49-48 48s21.49 48 48 48 48-21.49 48-48c0-26.509-21.49-48-48-48zM108.922 60.922c-26.51 0-48 21.49-48 48s21.49 48 48 48 48-21.49 48-48-21.491-48-48-48z\"><\/path><\/svg><\/span><span class=\"qqvfw-m-icon qqvfw-icon--predefined\">\t<svg class=\"qqvfw-svg--quick-view\" xmlns=\"http:\/\/www.w3.org\/2000\/svg\" width=\"22.091\" height=\"13.5\" viewBox=\"0 0 22.091 13.5\"><g transform=\"translate(1.01 .75)\" stroke-miterlimit=\"10\" stroke-width=\"1.5\"><circle cx=\"3\" cy=\"3\" r=\"3\" transform=\"translate(7 3)\"\/><path d=\"M0 5.538S5.833 12 10 12s10-6.462 10-6.462S13.333 0 10 0C5.833 0 .833 4.615 0 5.538Z\"\/><\/g><\/svg><\/span><span class=\"qqvfw-m-text\">Quick View<\/span>\t<\/a><\/div><\/li>\n<li class=\"product type-product post-773 status-publish last instock product_cat-livre has-post-thumbnail shipping-taxable purchasable product-type-simple\">\n\t\n\t\t\n    <div class=\"top-product-section\">\n\n        <a itemprop=\"url\" href=\"https:\/\/cheeseandchocolatesurf.ch\/index.php\/produit\/book-in-english\/\" class=\"product-category\">\n            <span class=\"image-wrapper\">\n            <img decoding=\"async\" width=\"300\" height=\"300\" src=\"https:\/\/cheeseandchocolatesurf.ch\/wp-content\/uploads\/2025\/09\/CHEESECHOCOLATESURF_GUIDE_EN-300x300.png\" class=\"attachment-woocommerce_thumbnail size-woocommerce_thumbnail\" alt=\"BOOK IN ENGLISH\" srcset=\"https:\/\/cheeseandchocolatesurf.ch\/wp-content\/uploads\/2025\/09\/CHEESECHOCOLATESURF_GUIDE_EN-300x300.png 300w, https:\/\/cheeseandchocolatesurf.ch\/wp-content\/uploads\/2025\/09\/CHEESECHOCOLATESURF_GUIDE_EN-1024x1024.png 1024w, https:\/\/cheeseandchocolatesurf.ch\/wp-content\/uploads\/2025\/09\/CHEESECHOCOLATESURF_GUIDE_EN-150x150.png 150w, https:\/\/cheeseandchocolatesurf.ch\/wp-content\/uploads\/2025\/09\/CHEESECHOCOLATESURF_GUIDE_EN-768x768.png 768w, https:\/\/cheeseandchocolatesurf.ch\/wp-content\/uploads\/2025\/09\/CHEESECHOCOLATESURF_GUIDE_EN-570x570.png 570w, https:\/\/cheeseandchocolatesurf.ch\/wp-content\/uploads\/2025\/09\/CHEESECHOCOLATESURF_GUIDE_EN-500x500.png 500w, https:\/\/cheeseandchocolatesurf.ch\/wp-content\/uploads\/2025\/09\/CHEESECHOCOLATESURF_GUIDE_EN-1000x1000.png 1000w, https:\/\/cheeseandchocolatesurf.ch\/wp-content\/uploads\/2025\/09\/CHEESECHOCOLATESURF_GUIDE_EN-700x700.png 700w, https:\/\/cheeseandchocolatesurf.ch\/wp-content\/uploads\/2025\/09\/CHEESECHOCOLATESURF_GUIDE_EN-650x650.png 650w, https:\/\/cheeseandchocolatesurf.ch\/wp-content\/uploads\/2025\/09\/CHEESECHOCOLATESURF_GUIDE_EN-600x600.png 600w, https:\/\/cheeseandchocolatesurf.ch\/wp-content\/uploads\/2025\/09\/CHEESECHOCOLATESURF_GUIDE_EN-100x100.png 100w, https:\/\/cheeseandchocolatesurf.ch\/wp-content\/uploads\/2025\/09\/CHEESECHOCOLATESURF_GUIDE_EN.png 1300w\" sizes=\"(max-width: 300px) 100vw, 300px\" \/>            <\/span>\n        <\/a>\n\n\t\t<span class=\"add-to-cart-button-outer\"><span class=\"add-to-cart-button-inner\"><a href=\"\/index.php\/wp-json\/wp\/v2\/pages\/769?add-to-cart=773\" aria-describedby=\"woocommerce_loop_add_to_cart_link_describedby_773\" data-quantity=\"1\" class=\"button product_type_simple add_to_cart_button ajax_add_to_cart qbutton add-to-cart-button\" data-product_id=\"773\" data-product_sku=\"\" aria-label=\"Ajouter au panier\u00a0: &ldquo;BOOK IN ENGLISH&rdquo;\" rel=\"nofollow\" data-success_message=\"\u00ab\u00a0BOOK IN ENGLISH\u00a0\u00bb a \u00e9t\u00e9 ajout\u00e9 \u00e0 votre panier\" role=\"button\">Ajouter au panier<\/a><\/span><\/span>\t<span id=\"woocommerce_loop_add_to_cart_link_describedby_773\" class=\"screen-reader-text\">\n\t\t\t<\/span>\n\n    <\/div>\n        <a itemprop=\"url\" href=\"https:\/\/cheeseandchocolatesurf.ch\/index.php\/produit\/book-in-english\/\" class=\"product-category product-info\">\n        <h6 itemprop=\"name\">BOOK IN ENGLISH<\/h6>\n\t    \n\t    \n        \n\t<span class=\"price\"><span class=\"woocommerce-Price-amount amount\"><bdi><span class=\"woocommerce-Price-currencySymbol\">&#67;&#72;&#70;<\/span>&nbsp;28.00<\/bdi><\/span><\/span>\n    <\/a>\n    <div class=\"qqvfw-quick-view-button-wrapper qqvfw-position--after-add-to-cart\">\t<a role=\"button\" tabindex=\"0\" class=\"qqvfw-shortcode qqvfw-m  qqvfw-quick-view-button button qqvfw-type--icon-with-text\" data-item-id=\"773\" data-quick-view-type=\"pop-up\" data-quick-view-type-mobile=\"pop-up\" aria-label=\"Quick View\" href=\"?quick_view_button=773\" data-shortcode-atts=\"{&quot;button_type&quot;:&quot;icon-with-text&quot;}\" rel=\"noopener noreferrer\">\t\t<span class=\"qqvfw-m-spinner\">\t<svg class=\"qqvfw-svg--spinner\" xmlns=\"http:\/\/www.w3.org\/2000\/svg\" viewBox=\"0 0 512 512\"><path d=\"M304 48c0 26.51-21.49 48-48 48s-48-21.49-48-48 21.49-48 48-48 48 21.49 48 48zm-48 368c-26.51 0-48 21.49-48 48s21.49 48 48 48 48-21.49 48-48-21.49-48-48-48zm208-208c-26.51 0-48 21.49-48 48s21.49 48 48 48 48-21.49 48-48-21.49-48-48-48zM96 256c0-26.51-21.49-48-48-48S0 229.49 0 256s21.49 48 48 48 48-21.49 48-48zm12.922 99.078c-26.51 0-48 21.49-48 48s21.49 48 48 48 48-21.49 48-48c0-26.509-21.491-48-48-48zm294.156 0c-26.51 0-48 21.49-48 48s21.49 48 48 48 48-21.49 48-48c0-26.509-21.49-48-48-48zM108.922 60.922c-26.51 0-48 21.49-48 48s21.49 48 48 48 48-21.49 48-48-21.491-48-48-48z\"><\/path><\/svg><\/span><span class=\"qqvfw-m-icon qqvfw-icon--predefined\">\t<svg class=\"qqvfw-svg--quick-view\" xmlns=\"http:\/\/www.w3.org\/2000\/svg\" width=\"22.091\" height=\"13.5\" viewBox=\"0 0 22.091 13.5\"><g transform=\"translate(1.01 .75)\" stroke-miterlimit=\"10\" stroke-width=\"1.5\"><circle cx=\"3\" cy=\"3\" r=\"3\" transform=\"translate(7 3)\"\/><path d=\"M0 5.538S5.833 12 10 12s10-6.462 10-6.462S13.333 0 10 0C5.833 0 .833 4.615 0 5.538Z\"\/><\/g><\/svg><\/span><span class=\"qqvfw-m-text\">Quick View<\/span>\t<\/a><\/div><\/li><\/ul>\n<\/div>[\/qode_elements_holder_item][\/qode_elements_holder][\/vc_column][\/vc_row][vc_row css_animation=\u00a0\u00bb\u00a0\u00bb row_type=\u00a0\u00bbrow\u00a0\u00bb use_row_as_full_screen_section=\u00a0\u00bbno\u00a0\u00bb type=\u00a0\u00bbfull_width\u00a0\u00bb angled_section=\u00a0\u00bbno\u00a0\u00bb text_align=\u00a0\u00bbleft\u00a0\u00bb background_image_as_pattern=\u00a0\u00bbwithout_pattern\u00a0\u00bb][vc_column]<div class=\"qode-advanced-image-gallery  qode-aig-grid-type qode-no-space  qode-image-behavior-zoom \">\n\t<div class=\"qode-aig-inner qode-outer-space qode-aig-grid qode-aig-five-columns\">\n\t\t\t\t\t<div class=\"qode-aig-image qode-item-space\">\n\t\t\t\t<div class=\"qode-aig-image-inner\">\n\t\t\t\t\t\t\t\t\t\t\t<img decoding=\"async\" width=\"600\" height=\"600\" src=\"https:\/\/cheeseandchocolatesurf.ch\/wp-content\/uploads\/2023\/03\/CHEESECHOCOLATESURF_GUIDE.png\" class=\"attachment-full size-full\" alt=\"\" srcset=\"https:\/\/cheeseandchocolatesurf.ch\/wp-content\/uploads\/2023\/03\/CHEESECHOCOLATESURF_GUIDE.png 600w, https:\/\/cheeseandchocolatesurf.ch\/wp-content\/uploads\/2023\/03\/CHEESECHOCOLATESURF_GUIDE-300x300.png 300w, https:\/\/cheeseandchocolatesurf.ch\/wp-content\/uploads\/2023\/03\/CHEESECHOCOLATESURF_GUIDE-150x150.png 150w, https:\/\/cheeseandchocolatesurf.ch\/wp-content\/uploads\/2023\/03\/CHEESECHOCOLATESURF_GUIDE-570x570.png 570w, https:\/\/cheeseandchocolatesurf.ch\/wp-content\/uploads\/2023\/03\/CHEESECHOCOLATESURF_GUIDE-500x500.png 500w, https:\/\/cheeseandchocolatesurf.ch\/wp-content\/uploads\/2023\/03\/CHEESECHOCOLATESURF_GUIDE-100x100.png 100w\" sizes=\"(max-width: 600px) 100vw, 600px\" \/>\t\t\t\t\t\t<span class=\"aig-gallery-hover\">\n\t\t\t\t\t\t\t\t\t\t\t\t\t<\/span>\n\t\t\t\t\t\t\t\t\t<\/div>\n\t\t\t<\/div>\n\t\t\t\t\t\t\t\t<div class=\"qode-aig-image qode-item-space\">\n\t\t\t\t<div class=\"qode-aig-image-inner\">\n\t\t\t\t\t\t\t\t\t\t\t<img loading=\"lazy\" decoding=\"async\" width=\"600\" height=\"600\" src=\"https:\/\/cheeseandchocolatesurf.ch\/wp-content\/uploads\/2023\/04\/2023_ILL_23.png\" class=\"attachment-full size-full\" alt=\"\" srcset=\"https:\/\/cheeseandchocolatesurf.ch\/wp-content\/uploads\/2023\/04\/2023_ILL_23.png 600w, https:\/\/cheeseandchocolatesurf.ch\/wp-content\/uploads\/2023\/04\/2023_ILL_23-300x300.png 300w, https:\/\/cheeseandchocolatesurf.ch\/wp-content\/uploads\/2023\/04\/2023_ILL_23-150x150.png 150w, https:\/\/cheeseandchocolatesurf.ch\/wp-content\/uploads\/2023\/04\/2023_ILL_23-570x570.png 570w, https:\/\/cheeseandchocolatesurf.ch\/wp-content\/uploads\/2023\/04\/2023_ILL_23-500x500.png 500w, https:\/\/cheeseandchocolatesurf.ch\/wp-content\/uploads\/2023\/04\/2023_ILL_23-100x100.png 100w\" sizes=\"(max-width: 600px) 100vw, 600px\" \/>\t\t\t\t\t\t<span class=\"aig-gallery-hover\">\n\t\t\t\t\t\t\t\t\t\t\t\t\t<\/span>\n\t\t\t\t\t\t\t\t\t<\/div>\n\t\t\t<\/div>\n\t\t\t\t\t\t\t\t<div class=\"qode-aig-image qode-item-space\">\n\t\t\t\t<div class=\"qode-aig-image-inner\">\n\t\t\t\t\t\t\t\t\t\t\t<img loading=\"lazy\" decoding=\"async\" width=\"600\" height=\"600\" src=\"https:\/\/cheeseandchocolatesurf.ch\/wp-content\/uploads\/2023\/03\/2023_ILL_6.png\" class=\"attachment-full size-full\" alt=\"\" srcset=\"https:\/\/cheeseandchocolatesurf.ch\/wp-content\/uploads\/2023\/03\/2023_ILL_6.png 600w, https:\/\/cheeseandchocolatesurf.ch\/wp-content\/uploads\/2023\/03\/2023_ILL_6-300x300.png 300w, https:\/\/cheeseandchocolatesurf.ch\/wp-content\/uploads\/2023\/03\/2023_ILL_6-150x150.png 150w, https:\/\/cheeseandchocolatesurf.ch\/wp-content\/uploads\/2023\/03\/2023_ILL_6-570x570.png 570w, https:\/\/cheeseandchocolatesurf.ch\/wp-content\/uploads\/2023\/03\/2023_ILL_6-500x500.png 500w, https:\/\/cheeseandchocolatesurf.ch\/wp-content\/uploads\/2023\/03\/2023_ILL_6-100x100.png 100w\" sizes=\"(max-width: 600px) 100vw, 600px\" \/>\t\t\t\t\t\t<span class=\"aig-gallery-hover\">\n\t\t\t\t\t\t\t\t\t\t\t\t\t<\/span>\n\t\t\t\t\t\t\t\t\t<\/div>\n\t\t\t<\/div>\n\t\t\t\t\t\t\t\t<div class=\"qode-aig-image qode-item-space\">\n\t\t\t\t<div class=\"qode-aig-image-inner\">\n\t\t\t\t\t\t\t\t\t\t\t<img loading=\"lazy\" decoding=\"async\" width=\"600\" height=\"600\" src=\"https:\/\/cheeseandchocolatesurf.ch\/wp-content\/uploads\/2023\/04\/2023_ILL_22.png\" class=\"attachment-full size-full\" alt=\"\" srcset=\"https:\/\/cheeseandchocolatesurf.ch\/wp-content\/uploads\/2023\/04\/2023_ILL_22.png 600w, https:\/\/cheeseandchocolatesurf.ch\/wp-content\/uploads\/2023\/04\/2023_ILL_22-300x300.png 300w, https:\/\/cheeseandchocolatesurf.ch\/wp-content\/uploads\/2023\/04\/2023_ILL_22-150x150.png 150w, https:\/\/cheeseandchocolatesurf.ch\/wp-content\/uploads\/2023\/04\/2023_ILL_22-570x570.png 570w, https:\/\/cheeseandchocolatesurf.ch\/wp-content\/uploads\/2023\/04\/2023_ILL_22-500x500.png 500w, https:\/\/cheeseandchocolatesurf.ch\/wp-content\/uploads\/2023\/04\/2023_ILL_22-100x100.png 100w\" sizes=\"(max-width: 600px) 100vw, 600px\" \/>\t\t\t\t\t\t<span class=\"aig-gallery-hover\">\n\t\t\t\t\t\t\t\t\t\t\t\t\t<\/span>\n\t\t\t\t\t\t\t\t\t<\/div>\n\t\t\t<\/div>\n\t\t\t\t\t\t\t\t<div class=\"qode-aig-image qode-item-space\">\n\t\t\t\t<div class=\"qode-aig-image-inner\">\n\t\t\t\t\t\t\t\t\t\t\t<img loading=\"lazy\" decoding=\"async\" width=\"600\" height=\"600\" src=\"https:\/\/cheeseandchocolatesurf.ch\/wp-content\/uploads\/2023\/04\/2023_ILL_20.png\" class=\"attachment-full size-full\" alt=\"\" srcset=\"https:\/\/cheeseandchocolatesurf.ch\/wp-content\/uploads\/2023\/04\/2023_ILL_20.png 600w, https:\/\/cheeseandchocolatesurf.ch\/wp-content\/uploads\/2023\/04\/2023_ILL_20-300x300.png 300w, https:\/\/cheeseandchocolatesurf.ch\/wp-content\/uploads\/2023\/04\/2023_ILL_20-150x150.png 150w, https:\/\/cheeseandchocolatesurf.ch\/wp-content\/uploads\/2023\/04\/2023_ILL_20-570x570.png 570w, https:\/\/cheeseandchocolatesurf.ch\/wp-content\/uploads\/2023\/04\/2023_ILL_20-500x500.png 500w, https:\/\/cheeseandchocolatesurf.ch\/wp-content\/uploads\/2023\/04\/2023_ILL_20-100x100.png 100w\" sizes=\"(max-width: 600px) 100vw, 600px\" \/>\t\t\t\t\t\t<span class=\"aig-gallery-hover\">\n\t\t\t\t\t\t\t\t\t\t\t\t\t<\/span>\n\t\t\t\t\t\t\t\t\t<\/div>\n\t\t\t<\/div>\n\t\t\t\t\t\t<\/div>\n<\/div>[\/vc_column][\/vc_row]<\/p>\n<\/div>","protected":false},"excerpt":{"rendered":"<p>[vc_row css_animation=\u00a0\u00bb\u00a0\u00bb row_type=\u00a0\u00bbrow\u00a0\u00bb use_row_as_full_screen_section=\u00a0\u00bbno\u00a0\u00bb type=\u00a0\u00bbfull_width\u00a0\u00bb angled_section=\u00a0\u00bbno\u00a0\u00bb text_align=\u00a0\u00bbleft\u00a0\u00bb background_image_as_pattern=\u00a0\u00bbwithout_pattern\u00a0\u00bb][vc_column][rev_slider_vc alias=\u00a0\u00bbHome-2025&Prime;][\/vc_column][\/vc_row][vc_row css_animation=\u00a0\u00bb\u00a0\u00bb row_type=\u00a0\u00bbrow\u00a0\u00bb use_row_as_full_screen_section=\u00a0\u00bbno\u00a0\u00bb type=\u00a0\u00bbgrid\u00a0\u00bb angled_section=\u00a0\u00bbno\u00a0\u00bb text_align=\u00a0\u00bbcenter\u00a0\u00bb background_image_as_pattern=\u00a0\u00bbwithout_pattern\u00a0\u00bb z_index=\u00a0\u00bb\u00a0\u00bb css=\u00a0\u00bb.vc_custom_1687335459387{padding-top: 18px !important;padding-bottom: 28px !important;background-color: #cdcd0d !important;}\u00a0\u00bb background_color=\u00a0\u00bb#cdcd0d\u00a0\u00bb][vc_column css=\u00a0\u00bb.vc_custom_1679345154331{background-color: #cdcd0d !important;}\u00a0\u00bb][vc_column_text css=\u00a0\u00bb\u00a0\u00bb] THIS BOOK IS A WORLS FIRST [\/vc_column_text][vc_empty_space height=\u00a0\u00bb28px\u00a0\u00bb][vc_column_text css=\u00a0\u00bb\u00a0\u00bb] LE LIVRE QUI TE FERA DECOUVRIR LE&#8230;<\/p>\n","protected":false},"author":1,"featured_media":0,"parent":0,"menu_order":0,"comment_status":"closed","ping_status":"closed","template":"full_width.php","meta":{"content-type":"","footnotes":""},"class_list":["post-769","page","type-page","status-publish","hentry"],"jetpack_sharing_enabled":true,"_links":{"self":[{"href":"https:\/\/cheeseandchocolatesurf.ch\/index.php\/wp-json\/wp\/v2\/pages\/769","targetHints":{"allow":["GET"]}}],"collection":[{"href":"https:\/\/cheeseandchocolatesurf.ch\/index.php\/wp-json\/wp\/v2\/pages"}],"about":[{"href":"https:\/\/cheeseandchocolatesurf.ch\/index.php\/wp-json\/wp\/v2\/types\/page"}],"author":[{"embeddable":true,"href":"https:\/\/cheeseandchocolatesurf.ch\/index.php\/wp-json\/wp\/v2\/users\/1"}],"replies":[{"embeddable":true,"href":"https:\/\/cheeseandchocolatesurf.ch\/index.php\/wp-json\/wp\/v2\/comments?post=769"}],"version-history":[{"count":78,"href":"https:\/\/cheeseandchocolatesurf.ch\/index.php\/wp-json\/wp\/v2\/pages\/769\/revisions"}],"predecessor-version":[{"id":993,"href":"https:\/\/cheeseandchocolatesurf.ch\/index.php\/wp-json\/wp\/v2\/pages\/769\/revisions\/993"}],"wp:attachment":[{"href":"https:\/\/cheeseandchocolatesurf.ch\/index.php\/wp-json\/wp\/v2\/media?parent=769"}],"curies":[{"name":"wp","href":"https:\/\/api.w.org\/{rel}","templated":true}]}}